{"id":106,"date":"2024-02-14T14:31:08","date_gmt":"2024-02-14T13:31:08","guid":{"rendered":"https:\/\/technicien-son-biarritz.com\/?page_id=106"},"modified":"2024-06-11T01:34:27","modified_gmt":"2024-06-10T23:34:27","slug":"elementor-106","status":"publish","type":"page","link":"https:\/\/www.technicien-son-biarritz.com\/","title":{"rendered":"Accueil"},"content":{"rendered":"<p>[et_pb_section fb_built=\u00a0\u00bb1&Prime; _builder_version=\u00a0\u00bb4.25.1&Prime; _module_preset=\u00a0\u00bbdefault\u00a0\u00bb background_color=\u00a0\u00bb#000000&Prime; hover_enabled=\u00a0\u00bb0&Prime; global_colors_info=\u00a0\u00bb{}\u00a0\u00bb sticky_enabled=\u00a0\u00bb0&Prime; custom_padding=\u00a0\u00bb0px||||false|false\u00a0\u00bb][et_pb_row _builder_version=\u00a0\u00bb4.25.1&Prime; _module_preset=\u00a0\u00bbdefault\u00a0\u00bb width=\u00a0\u00bb100%\u00a0\u00bb max_width=\u00a0\u00bb1920px\u00a0\u00bb custom_margin=\u00a0\u00bb||||false|false\u00a0\u00bb hover_enabled=\u00a0\u00bb0&Prime; global_colors_info=\u00a0\u00bb{}\u00a0\u00bb sticky_enabled=\u00a0\u00bb0&Prime;][et_pb_column type=\u00a0\u00bb4_4&Prime; _builder_version=\u00a0\u00bb4.24.3&Prime; _module_preset=\u00a0\u00bbdefault\u00a0\u00bb global_colors_info=\u00a0\u00bb{}\u00a0\u00bb][et_pb_slider _builder_version=\u00a0\u00bb4.25.1&Prime; _module_preset=\u00a0\u00bbdefault\u00a0\u00bb background_enable_image=\u00a0\u00bboff\u00a0\u00bb width=\u00a0\u00bb100%\u00a0\u00bb height=\u00a0\u00bb800px\u00a0\u00bb max_height=\u00a0\u00bb1080px\u00a0\u00bb auto=\u00a0\u00bbon\u00a0\u00bb global_colors_info=\u00a0\u00bb{}\u00a0\u00bb][et_pb_slide heading=\u00a0\u00bbLA FORMATION\u00a0\u00bb _builder_version=\u00a0\u00bb4.25.1&Prime; _module_preset=\u00a0\u00bbdefault\u00a0\u00bb header_level=\u00a0\u00bbh1&Prime; header_font=\u00a0\u00bbArchivo Black||||||||\u00a0\u00bb header_text_align=\u00a0\u00bbcenter\u00a0\u00bb header_font_size=\u00a0\u00bb65px\u00a0\u00bb header_letter_spacing=\u00a0\u00bb3px\u00a0\u00bb background_image=\u00a0\u00bbhttp:\/\/technicien-son-biarritz.com\/wp-content\/uploads\/2024\/06\/slider-accueuil-formation-techincien-son-biarritz-greta-small.jpg\u00a0\u00bb background_enable_image=\u00a0\u00bbon\u00a0\u00bb background_size=\u00a0\u00bbinitial\u00a0\u00bb link_option_url=\u00a0\u00bbhttps:\/\/technicien-son-biarritz.com\/index.php\/formation\/\u00a0\u00bb header_letter_spacing_tablet=\u00a0\u00bb\u00a0\u00bb header_letter_spacing_phone=\u00a0\u00bb\u00a0\u00bb header_letter_spacing_last_edited=\u00a0\u00bbon|desktop\u00a0\u00bb global_colors_info=\u00a0\u00bb{}\u00a0\u00bb header_letter_spacing__hover_enabled=\u00a0\u00bbon|desktop\u00a0\u00bb header_letter_spacing__hover=\u00a0\u00bb3px\u00a0\u00bb sticky_transition=\u00a0\u00bbon\u00a0\u00bb][\/et_pb_slide][et_pb_slide heading=\u00a0\u00bbLES PRODUCTIONS\u00a0\u00bb _builder_version=\u00a0\u00bb4.25.1&Prime; _module_preset=\u00a0\u00bbdefault\u00a0\u00bb header_level=\u00a0\u00bbh1&Prime; header_font=\u00a0\u00bbArchivo Black||||||||\u00a0\u00bb header_font_size=\u00a0\u00bb60px\u00a0\u00bb header_letter_spacing=\u00a0\u00bb2px\u00a0\u00bb background_color=\u00a0\u00bbRGBA(255,255,255,0)\u00a0\u00bb background_enable_color=\u00a0\u00bbon\u00a0\u00bb background_image=\u00a0\u00bbhttps:\/\/www.technicien-son-biarritz.com\/wp-content\/uploads\/2024\/06\/slider-accueuil-productions-concerts-tx-live-formation-techincien-son-biarritz-.jpg\u00a0\u00bb background_enable_image=\u00a0\u00bbon\u00a0\u00bb link_option_url=\u00a0\u00bbhttps:\/\/technicien-son-biarritz.com\/index.php\/les-productions\/\u00a0\u00bb global_colors_info=\u00a0\u00bb{}\u00a0\u00bb sticky_transition=\u00a0\u00bbon\u00a0\u00bb][\/et_pb_slide][\/et_pb_slider][\/et_pb_column][\/et_pb_row][\/et_pb_section]<\/p>\n","protected":false},"excerpt":{"rendered":"","protected":false},"author":2,"featured_media":0,"parent":0,"menu_order":0,"comment_status":"closed","ping_status":"closed","template":"","meta":{"_et_pb_use_builder":"on","_et_pb_old_content":"<style>\/*! elementor - v3.19.0 - 07-02-2024 *\/<br \/>\n.elementor-heading-title{padding:0;margin:0;line-height:1}.elementor-widget-heading .elementor-heading-title[class*=elementor-size-]>a{color:inherit;font-size:inherit;line-height:inherit}.elementor-widget-heading .elementor-heading-title.elementor-size-small{font-size:15px}.elementor-widget-heading .elementor-heading-title.elementor-size-medium{font-size:19px}.elementor-widget-heading .elementor-heading-title.elementor-size-large{font-size:29px}.elementor-widget-heading .elementor-heading-title.elementor-size-xl{font-size:39px}.elementor-widget-heading .elementor-heading-title.elementor-size-xxl{font-size:59px}<\/style>\n<h2>\">\">Technicien d'Exploitation Son\nBiarritz<\/h2>\n<a href=\"#\">\nG\u00e9n\u00e8se\n<\/a>\n<a href=\"#\">\nActualit\u00e9s\n<\/a>\n\nLes diverses manifestations \u00a0estivales sur la cote basque, entra\u00eenent l\u2019emploi d\u2019un nombre important de techniciens de spectacle, \u00a0musiciens, intermittents. Ces\npersonnes autodidactes pour la plupart demandent r\u00e9guli\u00e8rement des formations afin d\u2019am\u00e9liorer leurs comp\u00e9tences.\n\nEn 2009, la r\u00e9gion aquitaine sensible \u00e0 ce probl\u00e8me propose au Greta Pays Basque, de mettre en place un cycle de formation pour ce type de public. Apr\u00e8s analyse de la situation, l\u2019\u00e9quipe p\u00e9dagogique du BTS d\u00e9cide\u00a0 de proposer une certification dans le domaine du son. Ce type de formation tr\u00e8s sp\u00e9cialis\u00e9e est propos\u00e9e par l\u2019INA sur leur site de Bry sur Marne.\nDepuis sa cr\u00e9ation en 1985 , le\u00a0 BTS audiovisuel du Lyc\u00e9e R Cassin de Bayonne (premier \u00e9tablissement en France \u00e0 proposer ce type de formation ) a maintenu avec l\u2019INA des liens techniques\u00a0 et humains, autour de projets communs. Notamment de nombreux \u00e9changes entre les deux structures ont eu lieu lors de la mise en place du BTS audiovisuel par l\u2019INA .\n\nNous avons donc demand\u00e9 \u00e0\u00a0 l\u2019INA une collaboration pour la mise en place de cette certification. Les responsables de la formation ont travaill\u00e9 \u00e9troitement durant plus d\u2019une ann\u00e9e pour valider\u00a0 le contenu, le d\u00e9roulement, l\u2019organisation p\u00e9dagogique et technique. Pour certains aspects de la formation l\u2019Atabal collabore techniquement au projet\n\nEn octobre 2011 la premi\u00e8re promotion est accueillie sur le site du plateau image.\n\nFinanc\u00e9 par le conseil r\u00e9gional d\u2019Aquitaine, le stage \u00abTechnicien d\u2019Exploitation du Son\u00a0\u00bb mis en place par le Greta Pays Basque se d\u00e9roule au p\u00f4le Image et Son (Biarritz) du Lyc\u00e9e Ren\u00e9 Cassin de Bayonne. En partenariat avec la salle l\u2019Atabal (Biarritz) et l\u2019INA (Paris) ce stage pr\u00e9pare au certificat de Technicien Exploitation du Son d\u00e9livr\u00e9 par l\u2019INA.\n<h2>\">\">Actualit\u00e9s - Productions les plus r\u00e9centes<\/h2>\nLorem ipsum dolor sit amet, consectetur adipiscing elit. Ut elit tellus, luctus nec ullamcorper mattis, pulvinar dapibus leo.\n\n<style>\/*! elementor - v3.19.0 - 07-02-2024 *\/<br \/>\n.elementor-widget-image{text-align:center}.elementor-widget-image a{display:inline-block}.elementor-widget-image a img[src$=\".svg\"]{width:48px}.elementor-widget-image img{vertical-align:middle;display:inline-block}<\/style>\t\t\t\t\t\t\t\t\t\t<img width=\"300\" height=\"181\" src=\"http:\/\/technicien-son-biarritz.com\/wp-content\/uploads\/2024\/02\/13-300x181-1.jpg\" alt=\"\" \/>\n<img width=\"300\" height=\"181\" src=\"http:\/\/technicien-son-biarritz.com\/wp-content\/uploads\/2024\/02\/13-300x181-1.jpg\" alt=\"\" \/>\n\nLorem ipsum dolor sit amet, consectetur adipiscing elit. Ut elit tellus, luctus nec ullamcorper mattis, pulvinar dapibus leo.\n<h2>Nos Partenaires<\/h2>\n<style>\/*! elementor - v3.19.0 - 07-02-2024 *\/<br \/>\n.elementor-widget-image-carousel .swiper,.elementor-widget-image-carousel .swiper-container{position:static}.elementor-widget-image-carousel .swiper-container .swiper-slide figure,.elementor-widget-image-carousel .swiper .swiper-slide figure{line-height:inherit}.elementor-widget-image-carousel .swiper-slide{text-align:center}.elementor-image-carousel-wrapper:not(.swiper-container-initialized):not(.swiper-initialized) .swiper-slide{max-width:calc(100% \/ var(--e-image-carousel-slides-to-show, 3))}<\/style>\n<figure><img src=\"http:\/\/technicien-son-biarritz.com\/wp-content\/uploads\/2024\/02\/Region_Nouvelle-Aquitaine_drapeau.jpg\" alt=\"Region_Nouvelle-Aquitaine_drapeau\" \/><\/figure>\n<figure><img src=\"http:\/\/technicien-son-biarritz.com\/wp-content\/uploads\/2024\/02\/Logo_INA.svg_.png\" alt=\"Logo_INA.svg\" \/><\/figure>\n<figure><img src=\"http:\/\/technicien-son-biarritz.com\/wp-content\/uploads\/2024\/02\/0bc92a8a-5a83-4cb1-a507-7802e619b250.jpg\" alt=\"0bc92a8a-5a83-4cb1-a507-7802e619b250\" \/><\/figure>\n<figure><img src=\"http:\/\/technicien-son-biarritz.com\/wp-content\/uploads\/2024\/02\/Sans-titre-1.png\" alt=\"Sans titre\" \/><\/figure>\n<figure><img src=\"http:\/\/technicien-son-biarritz.com\/wp-content\/uploads\/2024\/02\/logo.jpg\" alt=\"logo\" \/><\/figure>\n<figure><img src=\"http:\/\/technicien-son-biarritz.com\/wp-content\/uploads\/2024\/02\/modele-verre-deau.jpg\" alt=\"modele-verre-deau\" \/><\/figure>\n<figure><img src=\"http:\/\/technicien-son-biarritz.com\/wp-content\/uploads\/2024\/02\/AR.png\" alt=\"AR\" \/><\/figure>\n<svg aria-hidden=\"true\" viewBox=\"0 0 1000 1000\" xmlns=\"http:\/\/www.w3.org\/2000\/svg\"><path d=\"M646 125C629 125 613 133 604 142L308 442C296 454 292 471 292 487 292 504 296 521 308 533L604 854C617 867 629 875 646 875 663 875 679 871 692 858 704 846 713 829 713 812 713 796 708 779 692 767L438 487 692 225C700 217 708 204 708 187 708 171 704 154 692 142 675 129 663 125 646 125Z\"><\/path><\/svg>\n<svg aria-hidden=\"true\" viewBox=\"0 0 1000 1000\" xmlns=\"http:\/\/www.w3.org\/2000\/svg\"><path d=\"M696 533C708 521 713 504 713 487 713 471 708 454 696 446L400 146C388 133 375 125 354 125 338 125 325 129 313 142 300 154 292 171 292 187 292 204 296 221 308 233L563 492 304 771C292 783 288 800 288 817 288 833 296 850 308 863 321 871 338 875 354 875 371 875 388 867 400 854L696 533Z\"><\/path><\/svg>","_et_gb_content_width":"","footnotes":""},"folder":[],"class_list":["post-106","page","type-page","status-publish","hentry"],"_links":{"self":[{"href":"https:\/\/www.technicien-son-biarritz.com\/index.php\/wp-json\/wp\/v2\/pages\/106","targetHints":{"allow":["GET"]}}],"collection":[{"href":"https:\/\/www.technicien-son-biarritz.com\/index.php\/wp-json\/wp\/v2\/pages"}],"about":[{"href":"https:\/\/www.technicien-son-biarritz.com\/index.php\/wp-json\/wp\/v2\/types\/page"}],"author":[{"embeddable":true,"href":"https:\/\/www.technicien-son-biarritz.com\/index.php\/wp-json\/wp\/v2\/users\/2"}],"replies":[{"embeddable":true,"href":"https:\/\/www.technicien-son-biarritz.com\/index.php\/wp-json\/wp\/v2\/comments?post=106"}],"version-history":[{"count":65,"href":"https:\/\/www.technicien-son-biarritz.com\/index.php\/wp-json\/wp\/v2\/pages\/106\/revisions"}],"predecessor-version":[{"id":602,"href":"https:\/\/www.technicien-son-biarritz.com\/index.php\/wp-json\/wp\/v2\/pages\/106\/revisions\/602"}],"wp:attachment":[{"href":"https:\/\/www.technicien-son-biarritz.com\/index.php\/wp-json\/wp\/v2\/media?parent=106"}],"wp:term":[{"taxonomy":"folder","embeddable":true,"href":"https:\/\/www.technicien-son-biarritz.com\/index.php\/wp-json\/wp\/v2\/folder?post=106"}],"curies":[{"name":"wp","href":"https:\/\/api.w.org\/{rel}","templated":true}]}}